{"id":332,"date":"2014-10-31T12:57:34","date_gmt":"2014-10-31T11:57:34","guid":{"rendered":"http:\/\/www.infopoint.cz\/japonsko\/?page_id=332"},"modified":"2016-05-13T13:21:48","modified_gmt":"2016-05-13T12:21:48","slug":"uvod","status":"publish","type":"page","link":"https:\/\/www.infopoint.cz\/japonsko\/","title":{"rendered":"\u00davod"},"content":{"rendered":"<p>V roce 2014 na p\u0159elomu dubna a kv\u011btna jsem podnikl pozn\u00e1vac\u00ed v\u00fdlet po Japonsku. Od Tokia do Hakaty. Tady budu postupn\u011b zapisovat sv\u00e9 z\u00e1\u017eitky a post\u0159ehy.<\/p>\n<p><a href=\"https:\/\/www.infopoint.cz\/japonsko\/1-den\/\">Den prvn\u00ed a druh\u00fd<\/a><\/p>\n","protected":false},"excerpt":{"rendered":"<p>V roce 2014 na p\u0159elomu dubna a kv\u011btna jsem podnikl pozn\u00e1vac\u00ed v\u00fdlet po Japonsku. Od Tokia do Hakaty. Tady budu postupn\u011b zapisovat sv\u00e9 z\u00e1\u017eitky a post\u0159ehy. Den prvn\u00ed a druh\u00fd<\/p>\n","protected":false},"author":1,"featured_media":0,"parent":0,"menu_order":0,"comment_status":"open","ping_status":"closed","template":"","meta":{"ngg_post_thumbnail":0,"footnotes":""},"class_list":["post-332","page","type-page","status-publish","hentry"],"_links":{"self":[{"href":"https:\/\/www.infopoint.cz\/japonsko\/wp-json\/wp\/v2\/pages\/332","targetHints":{"allow":["GET"]}}],"collection":[{"href":"https:\/\/www.infopoint.cz\/japonsko\/wp-json\/wp\/v2\/pages"}],"about":[{"href":"https:\/\/www.infopoint.cz\/japonsko\/wp-json\/wp\/v2\/types\/page"}],"author":[{"embeddable":true,"href":"https:\/\/www.infopoint.cz\/japonsko\/wp-json\/wp\/v2\/users\/1"}],"replies":[{"embeddable":true,"href":"https:\/\/www.infopoint.cz\/japonsko\/wp-json\/wp\/v2\/comments?post=332"}],"version-history":[{"count":10,"href":"https:\/\/www.infopoint.cz\/japonsko\/wp-json\/wp\/v2\/pages\/332\/revisions"}],"predecessor-version":[{"id":355,"href":"https:\/\/www.infopoint.cz\/japonsko\/wp-json\/wp\/v2\/pages\/332\/revisions\/355"}],"wp:attachment":[{"href":"https:\/\/www.infopoint.cz\/japonsko\/wp-json\/wp\/v2\/media?parent=332"}],"curies":[{"name":"wp","href":"https:\/\/api.w.org\/{rel}","templated":true}]}}