{"id":277,"date":"2015-11-10T10:10:03","date_gmt":"2015-11-10T09:10:03","guid":{"rendered":"http:\/\/www.infopoint.cz\/polsko\/?page_id=277"},"modified":"2017-09-15T20:07:07","modified_gmt":"2017-09-15T18:07:07","slug":"o-nas","status":"publish","type":"page","link":"https:\/\/www.infopoint.cz\/polsko\/o-nas\/","title":{"rendered":"O n\u00e1s"},"content":{"rendered":"<p>Tyto str\u00e1nky vznikly pro cestovatele do Polska, aby jim uk\u00e1zaly kr\u00e1sy zdej\u0161\u00edho kraje a poskytly seznam doporu\u010den\u00fdch restaurac\u00ed. V\u0161echny budou osobn\u011b nav\u0161t\u00edveny na\u0161\u00ed hodnot\u00edc\u00ed skupinou.<\/p>\n<p>P\u0159edem d\u011bkujeme za sponzorsk\u00e9 dary nebo jinou formu spolupr\u00e1ce.<\/p>\n<p>If you need to read with another language, you can use the button &#8222;P\u0159elo\u017eit&#8220;.<img loading=\"lazy\" decoding=\"async\" class=\"size-full wp-image-287 alignleft\" src=\"\/\/www.infopoint.cz\/polsko\/wp-content\/uploads\/sites\/22\/2015\/11\/dooffy_design_icons_EU_flags_United_Kingdom.png\" alt=\"dooffy_design_icons_EU_flags_United_Kingdom\" width=\"32\" height=\"32\"><\/p>\n<p>&nbsp;<\/p>\n<p><strong>Kontaktn\u00ed formul\u00e1\u0159<\/strong><\/p>\n\n<div class=\"wpcf7 no-js\" id=\"wpcf7-f3842-o1\" lang=\"cs-CZ\" dir=\"ltr\" data-wpcf7-id=\"3842\">\n<div class=\"screen-reader-response\"><p role=\"status\" aria-live=\"polite\" aria-atomic=\"true\"><\/p> <ul><\/ul><\/div>\n<form action=\"\/polsko\/wp-json\/wp\/v2\/pages\/277#wpcf7-f3842-o1\" method=\"post\" class=\"wpcf7-form init\" aria-label=\"Kontaktn\u00ed formul\u00e1\u0159\" novalidate=\"novalidate\" data-status=\"init\">\n<fieldset class=\"hidden-fields-container\"><input type=\"hidden\" name=\"_wpcf7\" value=\"3842\" \/><input type=\"hidden\" name=\"_wpcf7_version\" value=\"6.1.5\" \/><input type=\"hidden\" name=\"_wpcf7_locale\" value=\"cs_CZ\" \/><input type=\"hidden\" name=\"_wpcf7_unit_tag\" value=\"wpcf7-f3842-o1\" \/><input type=\"hidden\" name=\"_wpcf7_container_post\" value=\"0\" \/><input type=\"hidden\" name=\"_wpcf7_posted_data_hash\" value=\"\" \/>\n<\/fieldset>\n<p><label> Va\u0161e jm\u00e9no (vy\u017eadov\u00e1no)<br \/>\n<span class=\"wpcf7-form-control-wrap\" data-name=\"your-name\"><input size=\"40\" maxlength=\"400\" class=\"wpcf7-form-control wpcf7-text wpcf7-validates-as-required\" aria-required=\"true\" aria-invalid=\"false\" value=\"\" type=\"text\" name=\"your-name\" \/><\/span> <\/label>\n<\/p>\n<p><label> V\u00e1\u0161 e-mail (vy\u017eadov\u00e1no)<br \/>\n<span class=\"wpcf7-form-control-wrap\" data-name=\"your-email\"><input size=\"40\" maxlength=\"400\" class=\"wpcf7-form-control wpcf7-email wpcf7-validates-as-required wpcf7-text wpcf7-validates-as-email\" aria-required=\"true\" aria-invalid=\"false\" value=\"\" type=\"email\" name=\"your-email\" \/><\/span> <\/label>\n<\/p>\n<p><label> P\u0159edm\u011bt<br \/>\n<span class=\"wpcf7-form-control-wrap\" data-name=\"your-subject\"><input size=\"40\" maxlength=\"400\" class=\"wpcf7-form-control wpcf7-text\" aria-invalid=\"false\" value=\"\" type=\"text\" name=\"your-subject\" \/><\/span> <\/label>\n<\/p>\n<p><label> Va\u0161e zpr\u00e1va<br \/>\n<span class=\"wpcf7-form-control-wrap\" data-name=\"your-message\"><textarea cols=\"40\" rows=\"10\" maxlength=\"2000\" class=\"wpcf7-form-control wpcf7-textarea\" aria-invalid=\"false\" name=\"your-message\"><\/textarea><\/span> <\/label>\n<\/p>\n<p><input class=\"wpcf7-form-control wpcf7-submit has-spinner\" type=\"submit\" value=\"Odeslat\" \/>\n<\/p><p style=\"display: none !important;\" class=\"akismet-fields-container\" data-prefix=\"_wpcf7_ak_\"><label>&#916;<textarea name=\"_wpcf7_ak_hp_textarea\" cols=\"45\" rows=\"8\" maxlength=\"100\"><\/textarea><\/label><input type=\"hidden\" id=\"ak_js_1\" name=\"_wpcf7_ak_js\" value=\"231\"\/><script>document.getElementById( \"ak_js_1\" ).setAttribute( \"value\", ( new Date() ).getTime() );<\/script><\/p><div class=\"wpcf7-response-output\" aria-hidden=\"true\"><\/div>\n<\/form>\n<\/div>\n\n<p>&nbsp;<\/p>\n","protected":false},"excerpt":{"rendered":"<p>Tyto str\u00e1nky vznikly pro cestovatele do Polska, aby jim uk\u00e1zaly kr\u00e1sy zdej\u0161\u00edho kraje a poskytly seznam doporu\u010den\u00fdch restaurac\u00ed. V\u0161echny budou osobn\u011b nav\u0161t\u00edveny na\u0161\u00ed hodnot\u00edc\u00ed skupinou. P\u0159edem d\u011bkujeme za sponzorsk\u00e9 dary nebo jinou formu spolupr\u00e1ce. If you need to read with another language, you can use the button &#8222;P\u0159elo\u017eit&#8220;. &nbsp; Kontaktn\u00ed formul\u00e1\u0159 &nbsp;<\/p>\n","protected":false},"author":1,"featured_media":0,"parent":0,"menu_order":0,"comment_status":"closed","ping_status":"closed","template":"","meta":{"ngg_post_thumbnail":0,"footnotes":""},"class_list":["post-277","page","type-page","status-publish","hentry"],"_links":{"self":[{"href":"https:\/\/www.infopoint.cz\/polsko\/wp-json\/wp\/v2\/pages\/277","targetHints":{"allow":["GET"]}}],"collection":[{"href":"https:\/\/www.infopoint.cz\/polsko\/wp-json\/wp\/v2\/pages"}],"about":[{"href":"https:\/\/www.infopoint.cz\/polsko\/wp-json\/wp\/v2\/types\/page"}],"author":[{"embeddable":true,"href":"https:\/\/www.infopoint.cz\/polsko\/wp-json\/wp\/v2\/users\/1"}],"replies":[{"embeddable":true,"href":"https:\/\/www.infopoint.cz\/polsko\/wp-json\/wp\/v2\/comments?post=277"}],"version-history":[{"count":17,"href":"https:\/\/www.infopoint.cz\/polsko\/wp-json\/wp\/v2\/pages\/277\/revisions"}],"predecessor-version":[{"id":3843,"href":"https:\/\/www.infopoint.cz\/polsko\/wp-json\/wp\/v2\/pages\/277\/revisions\/3843"}],"wp:attachment":[{"href":"https:\/\/www.infopoint.cz\/polsko\/wp-json\/wp\/v2\/media?parent=277"}],"curies":[{"name":"wp","href":"https:\/\/api.w.org\/{rel}","templated":true}]}}